{"id":3408,"date":"2021-08-12T15:05:01","date_gmt":"2021-08-12T21:05:01","guid":{"rendered":"https:\/\/www.clea.blog\/?page_id=3408"},"modified":"2023-10-14T19:08:47","modified_gmt":"2023-10-15T01:08:47","slug":"aviso-de-privacidad","status":"publish","type":"page","link":"https:\/\/www.clea.blog\/?page_id=3408","title":{"rendered":"Aviso de privacidad"},"content":{"rendered":"<h5 style=\"text-align: justify;\">El Colegio Latinoamericano de Educaci\u00f3n Avanzada, A.C. (En lo sucesivo llamado \u201cEl CLEA\u201d), se reserva el derecho a modificar la presente pol\u00edtica para adaptarla a novedades legislativas o jurisprudenciales as\u00ed como a pr\u00e1cticas de la industria. En dichos supuestos, se anunciar\u00e1 en esta p\u00e1gina los cambios introducidos con razonable antelaci\u00f3n a su puesta en pr\u00e1ctica.<\/h5>\n<h5 style=\"text-align: justify;\">PROPIEDAD INTELECTUAL<\/h5>\n<h5 style=\"text-align: justify;\">Todas las marcas, dise\u00f1os, avisos comerciales, nombres comerciales, personajes o cualquier tipo de propiedad industrial e intelectual utilizados o expuestos en este sitio web, son propiedad de el CLEA, o bien, han sido introducidos con autorizaci\u00f3n del titular correspondiente.<\/h5>\n<h5 style=\"text-align: justify;\">Por el acceso a este sitio web, Usted se compromete a no reproducir ni utilizar ning\u00fan derecho de propiedad industrial e intelectual propiedad de el CLEA sin su autorizaci\u00f3n.<\/h5>\n<h5 style=\"text-align: justify;\">El CLEA har\u00e1 uso de las acciones legales correspondientes en caso de que se haga un uso ilegal de sus derechos de propiedad industrial e intelectual incluyendo acciones penales, civiles y administrativas.<\/h5>\n<h5 style=\"text-align: justify;\">EXCLUYENTES DE RESPONSABILIDAD<\/h5>\n<h5 style=\"text-align: justify;\">Usted expresamente declara y da su conformidad a lo siguiente:<\/h5>\n<h5 style=\"padding-left: 30px; text-align: justify;\">a) Que el uso que haga Usted de esta p\u00e1gina lo hace por su cuenta y riesgo.<br \/>\nb) Este sitio web es presentado sobre la base de \u201ces como es\u201d y \u201cen la medida en que se encuentre disponible\u201d.<br \/>\nc) El CLEA expresamente se exonera de cualquier deber de garant\u00eda o responsabilidad de cualquier tipo, tanto expresa o impl\u00edcita, incluyendo pero sin limitarse a las garant\u00edas impl\u00edcitas de la pr\u00e1ctica comercial, la idoneidad para un prop\u00f3sito particular y la de no violaci\u00f3n de derechos de terceros.<br \/>\nd) El CLEA no garantiza que el servicio vaya a satisfacer sus expectativas, que dicho servicio vaya a prestarse de forma ininterrumpida, puntual, segura o libre de errores o aver\u00edas, que los resultados que pueda obtener del uso de este servicio sean acertados o fiables.<br \/>\ne) No garantiza la calidad de cualesquiera de los productos, servicios, as\u00ed como de la veracidad y precisi\u00f3n de la informaci\u00f3n contenida en el sitio web, y no garantiza que cualquier error en el sistema inform\u00e1tico vaya a ser reparado.<br \/>\nf) Cualquier material descargado o de cualquier otra forma obtenido a trav\u00e9s del uso del servicio se realiza por su cuenta y riesgo, y Usted ser\u00e1 responsable por cualquier da\u00f1o sufrido a su equipo inform\u00e1tico o a cualquier p\u00e9rdida de informaci\u00f3n que se derive de la descarga de dicho material.<br \/>\ng) Ning\u00fan consejo o informaci\u00f3n sea oral o escrita, que Usted obtenga de el CLEA o desde este sitio crear\u00e1 responsabilidad o garant\u00eda alguna.<br \/>\nh) El CLEA no ser\u00e1 responsable por el contenido o los prop\u00f3sitos de las comunicaciones que intercambien los usuarios del sitio de cualquier manera, por cuanto que el sitio no es m\u00e1s que el medio que facilita la comunicaci\u00f3n electr\u00f3nica entre los usuarios y que no asume responsabilidad alguna sobre el contenido de tales comunicaciones.<br \/>\ni) El CLEA no acepta responsabilidad alguna respecto del contenido de otros sitios web que se encuentren ligados a \u00e9ste y su inserci\u00f3n a esta p\u00e1gina no debe entenderse que estos sean avalados o autorizados por el CLEA.<br \/>\nj) El CLEA no tendr\u00e1 responsabilidad alguna por cualquier p\u00e9rdida causada por alg\u00fan virus transmitido al ingresar, bajar cualquier material o archivo de esta p\u00e1gina web, por lo que si Usted elige bajar materiales de este sitio siempre ser\u00e1 bajo su propio riesgo.<\/h5>\n<h5 style=\"text-align: justify;\">En algunas jurisdicciones no se permiten las exclusiones de responsabilidad impl\u00edcita, por lo que Usted deber\u00e1 verificar si \u00e9stas son aplicables a Usted.<\/h5>\n<h5 style=\"text-align: justify;\">El CLEA se reserva el derecho de restringir o dar por terminado el ingreso a este sitio web en cualquier momento.<\/h5>\n<h5 style=\"text-align: justify;\">El CLEA se reserva el derecho de modificar el contenido del sitio web sin previo aviso, por lo que no ser\u00e1 responsable por las implicaciones que esto pueda llegar a ocasionar.<\/h5>\n<h5 style=\"text-align: justify;\">PROHIBICIONES<\/h5>\n<h5 style=\"text-align: justify;\">Se proh\u00edbe hacer uso de este sitio a fin de realizar un acto que pueda constituir una infracci\u00f3n, delito, difamaci\u00f3n o calumnia a el CLEA o subir archivos que contengan virus.<\/h5>\n<h5 style=\"text-align: justify;\">El presente Aviso de Privacidad, as\u00ed como el manejo en general de la Ley que haga el CLEA, se rige por la legislaci\u00f3n vigente y aplicable en los Estados Unidos Mexicanos, cualquier controversia que se suscite con motivo de su aplicaci\u00f3n deber\u00e1 ventilarse ante los \u00f3rganos Jurisdiccionales competentes en la Ciudad de Aguascalientes, Ags. M\u00e9xico.<\/h5>\n","protected":false},"excerpt":{"rendered":"<p>El Colegio Latinoamericano de Educaci\u00f3n Avanzada, A.C. (En lo sucesivo llamado \u201cEl CLEA\u201d), se reserva el derecho a modificar la presente pol\u00edtica para adaptarla a novedades legislativas o jurisprudenciales as\u00ed como a pr\u00e1cticas de la industria. En dichos supuestos, se anunciar\u00e1 en esta p\u00e1gina los cambios introducidos con razonable antelaci\u00f3n a su puesta en pr\u00e1ctica. [&hellip;]<\/p>\n","protected":false},"author":1,"featured_media":0,"parent":0,"menu_order":0,"comment_status":"closed","ping_status":"closed","template":"","meta":{"footnotes":""},"class_list":["post-3408","page","type-page","status-publish","hentry"],"_links":{"self":[{"href":"https:\/\/www.clea.blog\/index.php?rest_route=\/wp\/v2\/pages\/3408","targetHints":{"allow":["GET"]}}],"collection":[{"href":"https:\/\/www.clea.blog\/index.php?rest_route=\/wp\/v2\/pages"}],"about":[{"href":"https:\/\/www.clea.blog\/index.php?rest_route=\/wp\/v2\/types\/page"}],"author":[{"embeddable":true,"href":"https:\/\/www.clea.blog\/index.php?rest_route=\/wp\/v2\/users\/1"}],"replies":[{"embeddable":true,"href":"https:\/\/www.clea.blog\/index.php?rest_route=%2Fwp%2Fv2%2Fcomments&post=3408"}],"version-history":[{"count":1,"href":"https:\/\/www.clea.blog\/index.php?rest_route=\/wp\/v2\/pages\/3408\/revisions"}],"predecessor-version":[{"id":3409,"href":"https:\/\/www.clea.blog\/index.php?rest_route=\/wp\/v2\/pages\/3408\/revisions\/3409"}],"wp:attachment":[{"href":"https:\/\/www.clea.blog\/index.php?rest_route=%2Fwp%2Fv2%2Fmedia&parent=3408"}],"curies":[{"name":"wp","href":"https:\/\/api.w.org\/{rel}","templated":true}]}}